{"id":98,"date":"2024-07-19T11:44:43","date_gmt":"2024-07-19T11:44:43","guid":{"rendered":"http:\/\/www.altindamla.com\/?page_id=98"},"modified":"2024-07-22T07:30:01","modified_gmt":"2024-07-22T07:30:01","slug":"iletisim","status":"publish","type":"page","link":"http:\/\/www.altindamla.com\/index.php\/iletisim\/","title":{"rendered":"\u0130LET\u0130\u015e\u0130M"},"content":{"rendered":"\n<div class=\"wp-block-group alignwide is-nowrap is-layout-flex wp-container-core-group-is-layout-1 wp-block-group-is-layout-flex\">\n<iframe src=\"https:\/\/www.google.com\/maps\/embed?pb=!1m14!1m8!1m3!1d752.3445247740793!2d28.911253000000002!3d41.03886!3m2!1i1024!2i768!4f13.1!3m3!1m2!1s0x14cabb5698fafa5f%3A0xdf9850d52a13a342!2sALTINDAMLA%20MAK%C4%B0NE%20HIRDAVAT%20SAN.%20T%C4%B0C.%20A.%C5%9E!5e0!3m2!1str!2sus!4v1721389350168!5m2!1str!2sus\" width=\"600\" height=\"450\" style=\"border:0;\" allowfullscreen=\"\" loading=\"lazy\" referrerpolicy=\"no-referrer-when-downgrade\"><\/iframe>\n\n\n\n<p class=\"has-large-font-size\"><strong>Alt\u0131ndamla Makine H\u0131rdavat San. ve Tic. A.\u015e.<\/strong><br><br>Yenido\u011fan Mh. At\u0131\u015falan\u0131 Cd. \u00dcsk\u00fcp Sk. No:1 Bayrampa\u015fa\/\u0130stanbul<br><br>Tel : (0212) 549 75 17<br>PZT-CM 8:30 to 18:00<br><br>Mail : <a href=\"mailto:hadopet@hadopet.com.tr\">info@altindamla.com<\/a><\/p>\n<\/div>\n","protected":false},"excerpt":{"rendered":"<p>Alt\u0131ndamla Makine H\u0131rdavat San. ve Tic. A.\u015e. Yenido\u011fan Mh. At\u0131\u015falan\u0131 Cd. \u00dcsk\u00fcp Sk. No:1 Bayrampa\u015fa\/\u0130stanbul Tel : (0212) 549 75 17PZT-CM 8:30 to 18:00 Mail : info@altindamla.com<\/p>\n","protected":false},"author":1,"featured_media":0,"parent":0,"menu_order":0,"comment_status":"closed","ping_status":"closed","template":"","meta":{"footnotes":""},"class_list":["post-98","page","type-page","status-publish","hentry"],"_links":{"self":[{"href":"http:\/\/www.altindamla.com\/index.php\/wp-json\/wp\/v2\/pages\/98"}],"collection":[{"href":"http:\/\/www.altindamla.com\/index.php\/wp-json\/wp\/v2\/pages"}],"about":[{"href":"http:\/\/www.altindamla.com\/index.php\/wp-json\/wp\/v2\/types\/page"}],"author":[{"embeddable":true,"href":"http:\/\/www.altindamla.com\/index.php\/wp-json\/wp\/v2\/users\/1"}],"replies":[{"embeddable":true,"href":"http:\/\/www.altindamla.com\/index.php\/wp-json\/wp\/v2\/comments?post=98"}],"version-history":[{"count":7,"href":"http:\/\/www.altindamla.com\/index.php\/wp-json\/wp\/v2\/pages\/98\/revisions"}],"predecessor-version":[{"id":112,"href":"http:\/\/www.altindamla.com\/index.php\/wp-json\/wp\/v2\/pages\/98\/revisions\/112"}],"wp:attachment":[{"href":"http:\/\/www.altindamla.com\/index.php\/wp-json\/wp\/v2\/media?parent=98"}],"curies":[{"name":"wp","href":"https:\/\/api.w.org\/{rel}","templated":true}]}}