{"id":80,"date":"2024-07-19T09:08:42","date_gmt":"2024-07-19T09:08:42","guid":{"rendered":"http:\/\/www.altindamla.com\/?page_id=80"},"modified":"2024-07-25T06:32:14","modified_gmt":"2024-07-25T06:32:14","slug":"urunler","status":"publish","type":"page","link":"http:\/\/www.altindamla.com\/index.php\/urunler\/","title":{"rendered":"\u00dcR\u00dcN KATEGOR\u0130LER\u0130"},"content":{"rendered":"\n<p><style><br>    <\/style><\/p>\n\n\n\n<div class=\"wp-block-group has-global-padding is-layout-constrained wp-block-group-is-layout-constrained\">\n<div class=\"wp-block-group has-global-padding is-layout-constrained wp-block-group-is-layout-constrained\">\n<main class=\"wp-block-group has-global-padding is-layout-constrained wp-block-group-is-layout-constrained\">\n<div class=\"wp-block-group has-global-padding is-layout-constrained wp-block-group-is-layout-constrained\">\n<section id=\"sub-page\">\n<div class=\"container\">\n<div class=\"row\">\n<div class=\"col-md-9\">\n<div class=\"sub-content-wrapper\">\n<div class=\"content\">\n<div class=\"row\">\n<div class=\"col-md-12\">\n<div class=\"incline-orange-rect\">&nbsp;<\/div>\n<\/div>\n<div class=\"col-md-12\">\n<h2 class=\"incline-light-blue-rect\"><strong>\u00dcR\u00dcN SE\u00c7\u0130C\u0130<\/strong><\/h2>\n<\/div>\n<div class=\"col-md-12\">\n<div class=\"product-select-item-holder\">\n<div class=\"col-md-4\">\n<h3 class=\"product-select-item\">END\u00dcSTR\u0130<br><select id=\"cd-dropdown\" class=\"cd-select\">\n<option hidden=\"hidden\" disabled=\"disabled\" selected=\"selected\" value=\"-1\">Se\u00e7iniz<\/option>\n<option value=\"8\">AL\u00dcM\u0130NYUM SEKT\u00d6R\u00dc<\/option>\n<option value=\"9\">BEYAZ E\u015eYA SEKT\u00d6R\u00dc<\/option>\n<option value=\"4\">BORU-PROF\u0130L SEKT\u00d6R\u00dc<\/option>\n<option value=\"1\">CAM SEKT\u00d6R\u00dc<\/option>\n<option value=\"6\">DEM\u0130R \u00c7EL\u0130K SEKT\u00d6R\u00dc<\/option>\n<option value=\"3\">METAL \u0130\u015eLEME SEKT\u00d6R\u00dc<\/option>\n<option value=\"2\">OTOMOT\u0130V SEKT\u00d6R\u00dc<\/option>\n<option value=\"5\">RULMAN SEKT\u00d6R\u00dc<\/option>\n<option value=\"11\">SAVUNMA VE HAVACILIK SEKT\u00d6R\u00dc<\/option>\n<option value=\"7\">TEL \u00c7EKME SEKT\u00d6R\u00dc<\/option>\n<option value=\"10\">TEKST\u0130L SEKT\u00d6R\u00dc<\/option>\n<\/select><\/h3>\n<\/div>\n<h4 class=\"product-select-item\">SEGMENT<br><select id=\"cd-dropdown-2\" class=\"cd-select\">\n<option hidden=\"hidden\" selected=\"selected\" value=\"-1\">Se\u00e7iniz<\/option>\n<\/select><\/h4>\n<div class=\"col-md-4\">\n<h3 class=\"product-select-item\">UYGULAMA<br><select id=\"cd-dropdown-3\" class=\"cd-select\">\n<option hidden=\"hidden\" selected=\"selected\" value=\"-1\">Se\u00e7iniz<\/option>\n<\/select><span style=\"color: var(--wp--preset--color--contrast); font-family: var(--wp--preset--font-family--body); font-size: var(--wp--preset--font-size--medium); font-weight: 600; background-color: var(--wp--preset--color--base);\"> &nbsp;&nbsp; &nbsp;&nbsp; &nbsp;&nbsp; &nbsp;&nbsp; &nbsp;&nbsp; &nbsp;&nbsp; &nbsp;&nbsp; &nbsp;&nbsp; &nbsp;&nbsp; &nbsp;&nbsp; &nbsp;&nbsp; &nbsp;&nbsp; <\/span><a class=\"btn btn-select-product\" style=\"font-family: var(--wp--preset--font-family--body); font-size: var(--wp--preset--font-size--medium); font-weight: 600; background-color: var(--wp--preset--color--base);\" href=\"#\" target=\"_blank\" rel=\"noopener\">\u00dcR\u00dcN BUL \u00bb<\/a><\/h3>\n<\/div>\n<\/div>\n<\/div>\n<\/div>\n<div class=\"row\">&nbsp;<\/div>\n<\/div>\n<\/div>\n<\/div>\n<\/div>\n<\/div>\n<\/section>\n<\/div>\n<\/main>\n<\/div>\n\n\n\n<div class=\"wp-block-group is-vertical is-layout-flex wp-container-core-group-is-layout-4 wp-block-group-is-layout-flex\">\n<figure class=\"wp-block-table is-style-regular has-system-sans-serif-font-family has-medium-font-size\" style=\"font-style:italic;font-weight:800;line-height:1.6\"><table class=\"has-contrast-color has-gradient-1-gradient-background has-text-color has-background has-link-color has-border-color has-fixed-layout\" style=\"border-color:#1b5b10;border-style:solid\"><thead><tr><th>METAL \u0130\u015eLEME YA\u011eLARI<\/th><th>END\u00dcSTR\u0130YEL YA\u011eLAR<\/th><\/tr><\/thead><tbody><tr><td><a href=\"\/tr\/Urunler\/Metal-Isleme-Yaglari\/Su-ile-Karisan-Metal-Isleme-Sivilari\/1\/11\">Su ile Kar\u0131\u015fan Metal \u0130\u015fleme S\u0131v\u0131lar\u0131<\/a><\/td><td><a href=\"\/tr\/Urunler\/Endustriyel-Yaglar\/Hidrolik-Yaglar\/2\/3\">Hidrolik Ya\u011flar<\/a><\/td><\/tr><tr><td><a href=\"\/tr\/Urunler\/Metal-Isleme-Yaglari\/Pur-Kesme-Yaglari\/1\/9\">P\u00fcr Kesme Ya\u011flar\u0131<\/a><\/td><td><a href=\"\/tr\/Urunler\/Endustriyel-Yaglar\/Turbin-Yaglari\/2\/26\">T\u00fcrbin Ya\u011flar\u0131<\/a><\/td><\/tr><tr><td><a href=\"\/tr\/Urunler\/Metal-Isleme-Yaglari\/Honlama-ve-Erozyon-Yaglari\/1\/10\">Honlama ve Erozyon Ya\u011flar\u0131<\/a><\/td><td><a href=\"\/tr\/Urunler\/Endustriyel-Yaglar\/Disli-Yaglari\/2\/2\">Di\u015fli Ya\u011flar\u0131<\/a><\/td><\/tr><tr><td><a href=\"\/tr\/Urunler\/Metal-Isleme-Yaglari\/Koruyucu-Yaglar\/1\/7\">Koruyucu Ya\u011flar<\/a><\/td><td><a href=\"\/tr\/Urunler\/Endustriyel-Yaglar\/Kompresor-Yaglari\/2\/6\">Kompres\u00f6r Ya\u011flar\u0131<\/a><\/td><\/tr><tr><td><a href=\"\/tr\/Urunler\/Metal-Isleme-Yaglari\/Pur-Sivama-cekme-Yaglari\/1\/8\">P\u00fcr S\u0131vama \u00c7ekme Ya\u011flar\u0131<\/a><\/td><td><a href=\"\/tr\/Urunler\/Endustriyel-Yaglar\/Kalip-Ayirici-Yaglar\/2\/14\">Kal\u0131p Ay\u0131r\u0131c\u0131 Ya\u011flar<\/a><\/td><\/tr><tr><td><a href=\"\/tr\/Urunler\/Metal-Isleme-Yaglari\/Su-ile-Karisan-Sivama-cekme-Yaglari\/1\/18\">Su ile Kar\u0131\u015fan S\u0131vama \u00c7ekme Ya\u011flar\u0131<\/a><\/td><td><a href=\"\/tr\/Urunler\/Endustriyel-Yaglar\/Cam-Proses-Yaglari\/2\/1\">Cam Proses Ya\u011flar\u0131<\/a><\/td><\/tr><tr><td><a href=\"\/tr\/Urunler\/Metal-Isleme-Yaglari\/Tel-cekme-Yaglari\/1\/27\">Tel \u00c7ekme Ya\u011flar\u0131<\/a><\/td><td><a href=\"\/tr\/Urunler\/Endustriyel-Yaglar\/Tekstil-Yaglari\/2\/29\">Tekstil Ya\u011flar\u0131<\/a><\/td><\/tr><tr><td><a href=\"\/tr\/Urunler\/Metal-Isleme-Yaglari\/Isil-Islem-Yaglari\/1\/15\">Is\u0131l \u0130\u015flem Ya\u011flar\u0131<\/a><\/td><td><a href=\"\/tr\/Urunler\/Endustriyel-Yaglar\/Amortisor-Yaglari\/2\/20\">Amortis\u00f6r Ya\u011flar\u0131<\/a><\/td><\/tr><tr><td><a href=\"\/tr\/Urunler\/Metal-Isleme-Yaglari\/Sicak-Sekil-Verme-Yaglari\/1\/16\">S\u0131cak \u015eekil Verme Ya\u011flar\u0131<\/a><\/td><td><a href=\"\/tr\/Urunler\/Endustriyel-Yaglar\/Zincir-Yaglari\/2\/25\">Zincir Ya\u011flar\u0131<\/a><\/td><\/tr><tr><td><a href=\"\/tr\/Urunler\/Metal-Isleme-Yaglari\/Temizleyiciler\/1\/12\">Temizleyiciler<\/a><\/td><td><a href=\"\/tr\/Urunler\/Endustriyel-Yaglar\/Gresler\/2\/5\">Gresler<\/a><\/td><\/tr><tr><td><a href=\"\/tr\/Urunler\/Metal-Isleme-Yaglari\/Kizak-Yaglari\/1\/13\">K\u0131zak Ya\u011flar\u0131<\/a><\/td><td><a href=\"\/tr\/Urunler\/Endustriyel-Yaglar\/Diger-Yaglar\/2\/19\">Di\u011fer Ya\u011flar<\/a><\/td><\/tr><\/tbody><\/table><\/figure>\n<\/div>\n<\/div>\n","protected":false},"excerpt":{"rendered":"<p>&nbsp; \u00dcR\u00dcN SE\u00c7\u0130C\u0130 END\u00dcSTR\u0130Se\u00e7inizAL\u00dcM\u0130NYUM SEKT\u00d6R\u00dcBEYAZ E\u015eYA SEKT\u00d6R\u00dcBORU-PROF\u0130L SEKT\u00d6R\u00dcCAM SEKT\u00d6R\u00dcDEM\u0130R \u00c7EL\u0130K SEKT\u00d6R\u00dcMETAL \u0130\u015eLEME SEKT\u00d6R\u00dcOTOMOT\u0130V SEKT\u00d6R\u00dcRULMAN SEKT\u00d6R\u00dcSAVUNMA VE HAVACILIK SEKT\u00d6R\u00dcTEL \u00c7EKME SEKT\u00d6R\u00dcTEKST\u0130L SEKT\u00d6R\u00dc SEGMENTSe\u00e7iniz UYGULAMASe\u00e7iniz &nbsp;&nbsp; &nbsp;&nbsp; &nbsp;&nbsp; &nbsp;&nbsp; &nbsp;&nbsp; &nbsp;&nbsp; &nbsp;&nbsp; &nbsp;&nbsp; &nbsp;&nbsp; &nbsp;&nbsp; &nbsp;&nbsp; &nbsp;&nbsp; \u00dcR\u00dcN BUL \u00bb &nbsp; METAL \u0130\u015eLEME YA\u011eLARI END\u00dcSTR\u0130YEL YA\u011eLAR Su ile Kar\u0131\u015fan Metal \u0130\u015fleme S\u0131v\u0131lar\u0131 Hidrolik Ya\u011flar P\u00fcr Kesme Ya\u011flar\u0131 [&hellip;]<\/p>\n","protected":false},"author":1,"featured_media":89,"parent":0,"menu_order":0,"comment_status":"closed","ping_status":"closed","template":"","meta":{"footnotes":""},"class_list":["post-80","page","type-page","status-publish","has-post-thumbnail","hentry"],"_links":{"self":[{"href":"http:\/\/www.altindamla.com\/index.php\/wp-json\/wp\/v2\/pages\/80"}],"collection":[{"href":"http:\/\/www.altindamla.com\/index.php\/wp-json\/wp\/v2\/pages"}],"about":[{"href":"http:\/\/www.altindamla.com\/index.php\/wp-json\/wp\/v2\/types\/page"}],"author":[{"embeddable":true,"href":"http:\/\/www.altindamla.com\/index.php\/wp-json\/wp\/v2\/users\/1"}],"replies":[{"embeddable":true,"href":"http:\/\/www.altindamla.com\/index.php\/wp-json\/wp\/v2\/comments?post=80"}],"version-history":[{"count":19,"href":"http:\/\/www.altindamla.com\/index.php\/wp-json\/wp\/v2\/pages\/80\/revisions"}],"predecessor-version":[{"id":252,"href":"http:\/\/www.altindamla.com\/index.php\/wp-json\/wp\/v2\/pages\/80\/revisions\/252"}],"wp:featuredmedia":[{"embeddable":true,"href":"http:\/\/www.altindamla.com\/index.php\/wp-json\/wp\/v2\/media\/89"}],"wp:attachment":[{"href":"http:\/\/www.altindamla.com\/index.php\/wp-json\/wp\/v2\/media?parent=80"}],"curies":[{"name":"wp","href":"https:\/\/api.w.org\/{rel}","templated":true}]}}