{"id":40,"date":"2024-03-14T11:37:40","date_gmt":"2024-03-14T11:37:40","guid":{"rendered":"http:\/\/www.altindamla.com\/?page_id=40"},"modified":"2024-07-26T05:56:51","modified_gmt":"2024-07-26T05:56:51","slug":"sektorler","status":"publish","type":"page","link":"http:\/\/www.altindamla.com\/index.php\/sektorler\/","title":{"rendered":"SEKT\u00d6REL \u00c7\u00d6Z\u00dcMLER"},"content":{"rendered":"\n<ul class=\"wp-block-list\">\n<li style=\"font-size:clamp(1.039rem, 1.039rem + ((1vw - 0.2rem) * 0.935), 1.6rem);\"><a href=\"http:\/\/www.altindamla.com\/index.php\/alimunyum-sektoru\/\">AL\u0130M\u00dcNYUM SEKT\u00d6R\u00dc<\/a><\/li>\n\n\n\n<li style=\"font-size:clamp(1.039rem, 1.039rem + ((1vw - 0.2rem) * 0.935), 1.6rem);\"><a href=\"http:\/\/www.altindamla.com\/index.php\/beyaz-esya-sektoru\/\">BEYAZ E\u015eYA SEKT\u00d6R\u00dc<\/a><\/li>\n\n\n\n<li style=\"font-size:clamp(1.039rem, 1.039rem + ((1vw - 0.2rem) * 0.935), 1.6rem);\"><a href=\"http:\/\/www.altindamla.com\/index.php\/boru-profil-sektoru\/\">BORU &#8211; PROF\u0130L SEKT\u00d6R\u00dc<\/a><\/li>\n\n\n\n<li style=\"font-size:clamp(1.039rem, 1.039rem + ((1vw - 0.2rem) * 0.935), 1.6rem);\"><a href=\"http:\/\/www.altindamla.com\/index.php\/cam-sektoru\/\">CAM SEKT\u00d6R\u00dc<\/a><\/li>\n\n\n\n<li style=\"font-size:clamp(1.039rem, 1.039rem + ((1vw - 0.2rem) * 0.935), 1.6rem);\"><a href=\"http:\/\/www.altindamla.com\/index.php\/demir-celik-sektoru\/\">DEM\u0130R \u00c7EL\u0130K SEKT\u00d6R\u00dc<\/a><\/li>\n\n\n\n<li style=\"font-size:clamp(1.039rem, 1.039rem + ((1vw - 0.2rem) * 0.935), 1.6rem);\"><a href=\"http:\/\/www.altindamla.com\/index.php\/metal-isleme-sektoru\/\">METAL \u0130\u015eLEME SEKT\u00d6R\u00dc<\/a><\/li>\n\n\n\n<li style=\"font-size:clamp(1.039rem, 1.039rem + ((1vw - 0.2rem) * 0.935), 1.6rem);\"><a href=\"http:\/\/www.altindamla.com\/index.php\/otomotiv-sektoru\/\">OTOMOT\u0130V SEKT\u00d6R\u00dc<\/a><\/li>\n\n\n\n<li style=\"font-size:clamp(1.039rem, 1.039rem + ((1vw - 0.2rem) * 0.935), 1.6rem);\"><a href=\"http:\/\/www.altindamla.com\/index.php\/rulman-sektoru\/\">RULMAN SEKT\u00d6R\u00dc<\/a><\/li>\n\n\n\n<li style=\"font-size:clamp(1.039rem, 1.039rem + ((1vw - 0.2rem) * 0.935), 1.6rem);\"><a href=\"http:\/\/www.altindamla.com\/index.php\/savunma-ve-havacilik-sektoru\/\">SAVUNMA VE HAVACILIK SEKT\u00d6R\u00dc<\/a><\/li>\n\n\n\n<li style=\"font-size:clamp(1.039rem, 1.039rem + ((1vw - 0.2rem) * 0.935), 1.6rem);\"><a href=\"http:\/\/www.altindamla.com\/index.php\/tel-cekme-sektoru\/\">TEL \u00c7EKME SEKT\u00d6R\u00dc<\/a><\/li>\n\n\n\n<li style=\"font-size:clamp(1.039rem, 1.039rem + ((1vw - 0.2rem) * 0.935), 1.6rem);\"><a href=\"http:\/\/www.altindamla.com\/index.php\/tekstil-sektoru\/\">TEKST\u0130L SEKT\u00d6R\u00dc<\/a><\/li>\n\n\n\n<li style=\"font-size:clamp(1.039rem, 1.039rem + ((1vw - 0.2rem) * 0.935), 1.6rem);\"><a href=\"http:\/\/www.altindamla.com\/index.php\/diger-sektorler\/\">D\u0130\u011eER<\/a><\/li>\n<\/ul>\n\n\n\n<div class=\"wp-block-group alignfull has-global-padding is-layout-constrained wp-block-group-is-layout-constrained\">\n<div class=\"wp-block-columns alignfull are-vertically-aligned-top is-layout-flex wp-container-core-columns-is-layout-1 wp-block-columns-is-layout-flex\">\n<div class=\"wp-block-column is-layout-flow wp-block-column-is-layout-flow\" style=\"flex-basis:50%\">\n<figure class=\"wp-block-image\"><img loading=\"lazy\" decoding=\"async\" width=\"983\" height=\"598\" src=\"http:\/\/www.altindamla.com\/wp-content\/uploads\/2024\/07\/22.8.2016-FM-1.jpg\" alt=\"\" class=\"wp-image-243\" srcset=\"http:\/\/www.altindamla.com\/wp-content\/uploads\/2024\/07\/22.8.2016-FM-1.jpg 983w, http:\/\/www.altindamla.com\/wp-content\/uploads\/2024\/07\/22.8.2016-FM-1-300x183.jpg 300w, http:\/\/www.altindamla.com\/wp-content\/uploads\/2024\/07\/22.8.2016-FM-1-768x467.jpg 768w\" sizes=\"(max-width: 983px) 100vw, 983px\" \/><\/figure>\n<\/div>\n\n\n\n<div class=\"wp-block-column is-layout-flow wp-block-column-is-layout-flow\" style=\"flex-basis:50%\">\n<p style=\"font-size:clamp(0.875rem, 0.875rem + ((1vw - 0.2rem) * 0.625), 1.25rem);\"><strong>FLUID MANAGEMENT<\/strong><br><br>\u0130\u015fletmelerde kullan\u0131lan ve saha \u00f6l\u00e7\u00fcm\u00fc yap\u0131labilen t\u00fcm ak\u0131\u015fkanlar i\u00e7in, \u00f6l\u00e7\u00fcm sonu\u00e7lar\u0131n\u0131n girilebildi\u011fi geli\u015fmi\u015f bir online veri takip sistemidir.<\/p>\n\n\n\n<p style=\"font-size:clamp(0.875rem, 0.875rem + ((1vw - 0.2rem) * 0.625), 1.25rem);\">\u00d6zellikle su ile kar\u0131\u015fabilen \u00fcr\u00fcnlerde ( So\u011futma s\u0131v\u0131s\u0131, Ta\u015flama s\u0131v\u0131s\u0131, Ya\u011f alma kimyasallar\u0131, v.b.) teknik olarak ger\u00e7ekle\u015ftirilen saha testleri, kontroller ve ilavelerin girilebildi\u011fi, aksiyonlar\u0131n tan\u0131mlanabildi\u011fi, aksiyon kay\u0131tlar\u0131n\u0131n tutuldu\u011fu ve sistematik takibin sa\u011fland\u0131\u011f\u0131 bu uygulama ile verimlili\u011fi art\u0131rmaya y\u00f6nelik tedbirlerin al\u0131nabilmesine olanak sa\u011flan\u0131r.<\/p>\n\n\n\n<p style=\"font-size:clamp(0.875rem, 0.875rem + ((1vw - 0.2rem) * 0.625), 1.25rem);\">Fluid Management, geriye d\u00f6n\u00fck raporlar da dahil olmak \u00fczere t\u00fcm teknik verilerin takip edilebildi\u011fi (online internet \u00fczerinden sa\u011flanabilen) bir ak\u0131\u015fkan y\u00f6netim sistemidir.<\/p>\n\n\n\n<p style=\"font-size:clamp(0.875rem, 0.875rem + ((1vw - 0.2rem) * 0.625), 1.25rem);\">Yap\u0131lan t\u00fcm raporlamalar; madeni ya\u011f kullan\u0131m\u0131n\u0131n hassasiyetini ve \u00f6nemini bilen i\u015f ortaklar\u0131m\u0131za, bu hizmete \u00f6zg\u00fcn olarak geli\u015ftirilen \u201cFluid Management\u201d sistemi \u00fczerinden aktar\u0131l\u0131r.<\/p>\n\n\n\n<p style=\"font-size:clamp(0.875rem, 0.875rem + ((1vw - 0.2rem) * 0.625), 1.25rem);\">FM kullanan m\u00fc\u015fterilerimiz, kendilerine tan\u0131mlanan kullan\u0131c\u0131 ad\u0131 ve \u015fifreleri ile web tabanl\u0131 olarak sunulan portala girdiklerinde kar\u015f\u0131lar\u0131na \u00e7\u0131kan ara y\u00fcz sayesinde sisteme tan\u0131mlanan t\u00fcm tezgah parkurunun son durumu hakk\u0131nda istedi\u011fi istatiksel \u00e7al\u0131\u015fmay\u0131 birka\u00e7 dakika i\u00e7erisinde tezgah baz\u0131nda elde edebilir, rapor alabilir.<\/p>\n\n\n\n<p style=\"font-size:clamp(0.875rem, 0.875rem + ((1vw - 0.2rem) * 0.625), 1.25rem);\">Sistem sayesinde; verimlilik maksimum seviyede tutulur, takip edilebilirlik m\u00fcmk\u00fcn olmaktad\u0131r. \u00d6zellikle su ile kar\u0131\u015fabilen \u00fcr\u00fcn kullan\u0131m\u0131nda, FM sistemi sayesinde sa\u011flanan takip edilebilirlik ile g\u00fcn\u00fcm\u00fcz rekabet ortam\u0131nda i\u015fletmelere a\u015fa\u011f\u0131da yer alan avantajlar sa\u011flanarak fark yarat\u0131lmaktad\u0131r.<\/p>\n\n\n\n<p style=\"font-size:clamp(0.875rem, 0.875rem + ((1vw - 0.2rem) * 0.625), 1.25rem);\">\u2022 Olas\u0131 problemler \u00f6nceden tespit edilir ve \u00f6nlenir.<\/p>\n\n\n\n<p style=\"font-size:clamp(0.875rem, 0.875rem + ((1vw - 0.2rem) * 0.625), 1.25rem);\">\u2022 Periyodik bak\u0131mlar planlan\u0131r.<\/p>\n\n\n\n<p style=\"font-size:clamp(0.875rem, 0.875rem + ((1vw - 0.2rem) * 0.625), 1.25rem);\">\u2022 Ar\u0131za ve bak\u0131m duru\u015f s\u00fcreleri en aza indirilir.<\/p>\n\n\n\n<p style=\"font-size:clamp(0.875rem, 0.875rem + ((1vw - 0.2rem) * 0.625), 1.25rem);\">\u2022 Olu\u015fabilecek problemler i\u00e7in an\u0131nda aksiyon al\u0131n\u0131r ve h\u0131zl\u0131 \u00e7\u00f6z\u00fcm \u00fcretilir.<\/p>\n\n\n\n<p style=\"font-size:clamp(0.875rem, 0.875rem + ((1vw - 0.2rem) * 0.625), 1.25rem);\">\u2022 Aksiyonlar\u0131n kayd\u0131 tutulur.<\/p>\n\n\n\n<p style=\"font-size:clamp(0.875rem, 0.875rem + ((1vw - 0.2rem) * 0.625), 1.25rem);\">\u2022 Sarfiyatlar azalt\u0131l\u0131r.<\/p>\n\n\n\n<p style=\"font-size:clamp(0.875rem, 0.875rem + ((1vw - 0.2rem) * 0.625), 1.25rem);\">\u2022 At\u0131k maliyetleri minimize edilir.<\/p>\n\n\n\n<p style=\"font-size:clamp(0.875rem, 0.875rem + ((1vw - 0.2rem) * 0.625), 1.25rem);\">\u2022 Toplam maliyetlerde iyile\u015ftirmeler sa\u011flan\u0131r.<\/p>\n\n\n\n<p style=\"font-size:clamp(0.875rem, 0.875rem + ((1vw - 0.2rem) * 0.625), 1.25rem);\">FM saha ve laboratuvar \u00f6l\u00e7\u00fcmlerine dayal\u0131, birbirini tamamlayan kontrol mekanizmas\u0131 ile ak\u0131\u015fkanlara hatas\u0131z bir takip olana\u011f\u0131 sa\u011flan\u0131r. FM sistemi \u00f6zellikle su ile kar\u0131\u015fan s\u0131v\u0131lar\u0131n y\u00f6netimi konusunda verimlilik anahtar\u0131 olarak \u00f6n\u00fcn\u00fczde durmaktad\u0131r. \u0130\u015f ortaklar\u0131m\u0131z olarak sizleri bu anahtar\u0131 kullanmaya davet ediyoruz.<\/p>\n<\/div>\n<\/div>\n<\/div>\n","protected":false},"excerpt":{"rendered":"<p>FLUID MANAGEMENT \u0130\u015fletmelerde kullan\u0131lan ve saha \u00f6l\u00e7\u00fcm\u00fc yap\u0131labilen t\u00fcm ak\u0131\u015fkanlar i\u00e7in, \u00f6l\u00e7\u00fcm sonu\u00e7lar\u0131n\u0131n girilebildi\u011fi geli\u015fmi\u015f bir online veri takip sistemidir. \u00d6zellikle su ile kar\u0131\u015fabilen \u00fcr\u00fcnlerde ( So\u011futma s\u0131v\u0131s\u0131, Ta\u015flama s\u0131v\u0131s\u0131, Ya\u011f alma kimyasallar\u0131, v.b.) teknik olarak ger\u00e7ekle\u015ftirilen saha testleri, kontroller ve ilavelerin girilebildi\u011fi, aksiyonlar\u0131n tan\u0131mlanabildi\u011fi, aksiyon kay\u0131tlar\u0131n\u0131n tutuldu\u011fu ve sistematik takibin sa\u011fland\u0131\u011f\u0131 bu uygulama ile [&hellip;]<\/p>\n","protected":false},"author":1,"featured_media":0,"parent":0,"menu_order":0,"comment_status":"closed","ping_status":"closed","template":"","meta":{"footnotes":""},"class_list":["post-40","page","type-page","status-publish","hentry"],"_links":{"self":[{"href":"http:\/\/www.altindamla.com\/index.php\/wp-json\/wp\/v2\/pages\/40"}],"collection":[{"href":"http:\/\/www.altindamla.com\/index.php\/wp-json\/wp\/v2\/pages"}],"about":[{"href":"http:\/\/www.altindamla.com\/index.php\/wp-json\/wp\/v2\/types\/page"}],"author":[{"embeddable":true,"href":"http:\/\/www.altindamla.com\/index.php\/wp-json\/wp\/v2\/users\/1"}],"replies":[{"embeddable":true,"href":"http:\/\/www.altindamla.com\/index.php\/wp-json\/wp\/v2\/comments?post=40"}],"version-history":[{"count":17,"href":"http:\/\/www.altindamla.com\/index.php\/wp-json\/wp\/v2\/pages\/40\/revisions"}],"predecessor-version":[{"id":245,"href":"http:\/\/www.altindamla.com\/index.php\/wp-json\/wp\/v2\/pages\/40\/revisions\/245"}],"wp:attachment":[{"href":"http:\/\/www.altindamla.com\/index.php\/wp-json\/wp\/v2\/media?parent=40"}],"curies":[{"name":"wp","href":"https:\/\/api.w.org\/{rel}","templated":true}]}}