{"id":210,"date":"2024-07-23T13:12:46","date_gmt":"2024-07-23T13:12:46","guid":{"rendered":"http:\/\/www.altindamla.com\/?page_id=210"},"modified":"2024-07-23T14:22:35","modified_gmt":"2024-07-23T14:22:35","slug":"diger-sektorler","status":"publish","type":"page","link":"http:\/\/www.altindamla.com\/index.php\/diger-sektorler\/","title":{"rendered":"D\u0130\u011eER SEKT\u00d6RLER"},"content":{"rendered":"\n<p class=\"has-system-serif-font-family\" style=\"font-size:clamp(1.039rem, 1.039rem + ((1vw - 0.2rem) * 0.935), 1.6rem);font-style:normal;font-weight:500;line-height:1.2\">Belgin Madeni Ya\u011flar teknik bilgi birikimiyle farkl\u0131 sekt\u00f6rler i\u00e7in benzersiz de\u011ferler olu\u015fturmak i\u00e7in odaklanm\u0131\u015ft\u0131r. Farkl\u0131 sekt\u00f6rlerdeki zorlu \u00fcretim s\u00fcreci boyunca Belgin ya\u011flama ihtiya\u00e7lar\u0131na geni\u015f \u00fcr\u00fcn portf\u00f6y\u00fc sayesinde uygun proses i\u00e7in optimum performansl\u0131 \u00fcr\u00fcnlerini m\u00fc\u015fterilerine sunmaktad\u0131r. Belgin ekibi farkl\u0131 bir bak\u0131\u015f a\u00e7\u0131s\u0131 ile d\u0131\u015far\u0131dan bir g\u00f6z olarak sekt\u00f6rlerdeki bilgisi sayesinde uzmanl\u0131k ve e\u015fsiz hizmeti ile sahada proses iyile\u015ftirmesi y\u00f6n\u00fcnde \u00e7al\u0131\u015farak fark yarat\u0131r. Farkl\u0131 sekt\u00f6rlerdeki \u00fcretimin her noktas\u0131ndaki \u00e7\u00f6z\u00fcm \u00f6nerilerimiz i\u00e7in uzmanlar\u0131m\u0131zla irtibata ge\u00e7menizi \u00f6neririz.<\/p>\n\n\n\n<ul style=\"font-size:clamp(1.039rem, 1.039rem + ((1vw - 0.2rem) * 0.935), 1.6rem);\" class=\"wp-block-list\">\n<li style=\"font-size:clamp(1.039rem, 1.039rem + ((1vw - 0.2rem) * 0.935), 1.6rem);font-style:normal;font-weight:500;line-height:1.2\" class=\"has-system-serif-font-family\">Di\u011fer Sekt\u00f6rler<\/li>\n\n\n\n<li style=\"font-size:clamp(1.039rem, 1.039rem + ((1vw - 0.2rem) * 0.935), 1.6rem);font-style:normal;font-weight:500;line-height:1.2\" class=\"has-system-serif-font-family\">Plastik ve Kau\u00e7uk Sekt\u00f6r\u00fc<\/li>\n\n\n\n<li style=\"font-size:clamp(1.039rem, 1.039rem + ((1vw - 0.2rem) * 0.935), 1.6rem);font-style:normal;font-weight:500;line-height:1.2\" class=\"has-system-serif-font-family\">\u0130n\u015faat Sekt\u00f6r\u00fc<\/li>\n\n\n\n<li style=\"font-size:clamp(1.039rem, 1.039rem + ((1vw - 0.2rem) * 0.935), 1.6rem);font-style:normal;font-weight:500;line-height:1.2\" class=\"has-system-serif-font-family\">Madencilik<\/li>\n\n\n\n<li style=\"font-size:clamp(1.039rem, 1.039rem + ((1vw - 0.2rem) * 0.935), 1.6rem);font-style:normal;font-weight:500;line-height:1.2\" class=\"has-system-serif-font-family\">\u00c7imento Sekt\u00f6r\u00fc<\/li>\n\n\n\n<li style=\"font-size:clamp(1.039rem, 1.039rem + ((1vw - 0.2rem) * 0.935), 1.6rem);font-style:normal;font-weight:500;line-height:1.2\" class=\"has-system-serif-font-family\">Ba\u011flant\u0131 Elemnalar\u0131 Sekt\u00f6r\u00fc<\/li>\n\n\n\n<li style=\"font-size:clamp(1.039rem, 1.039rem + ((1vw - 0.2rem) * 0.935), 1.6rem);font-style:normal;font-weight:500;line-height:1.2\" class=\"has-system-serif-font-family\">Enerji Sekt\u00f6r\u00fc<\/li>\n<\/ul>\n","protected":false},"excerpt":{"rendered":"<p>Belgin Madeni Ya\u011flar teknik bilgi birikimiyle farkl\u0131 sekt\u00f6rler i\u00e7in benzersiz de\u011ferler olu\u015fturmak i\u00e7in odaklanm\u0131\u015ft\u0131r. Farkl\u0131 sekt\u00f6rlerdeki zorlu \u00fcretim s\u00fcreci boyunca Belgin ya\u011flama ihtiya\u00e7lar\u0131na geni\u015f \u00fcr\u00fcn portf\u00f6y\u00fc sayesinde uygun proses i\u00e7in optimum performansl\u0131 \u00fcr\u00fcnlerini m\u00fc\u015fterilerine sunmaktad\u0131r. Belgin ekibi farkl\u0131 bir bak\u0131\u015f a\u00e7\u0131s\u0131 ile d\u0131\u015far\u0131dan bir g\u00f6z olarak sekt\u00f6rlerdeki bilgisi sayesinde uzmanl\u0131k ve e\u015fsiz hizmeti ile sahada [&hellip;]<\/p>\n","protected":false},"author":1,"featured_media":0,"parent":0,"menu_order":0,"comment_status":"closed","ping_status":"closed","template":"","meta":{"footnotes":""},"class_list":["post-210","page","type-page","status-publish","hentry"],"_links":{"self":[{"href":"http:\/\/www.altindamla.com\/index.php\/wp-json\/wp\/v2\/pages\/210"}],"collection":[{"href":"http:\/\/www.altindamla.com\/index.php\/wp-json\/wp\/v2\/pages"}],"about":[{"href":"http:\/\/www.altindamla.com\/index.php\/wp-json\/wp\/v2\/types\/page"}],"author":[{"embeddable":true,"href":"http:\/\/www.altindamla.com\/index.php\/wp-json\/wp\/v2\/users\/1"}],"replies":[{"embeddable":true,"href":"http:\/\/www.altindamla.com\/index.php\/wp-json\/wp\/v2\/comments?post=210"}],"version-history":[{"count":2,"href":"http:\/\/www.altindamla.com\/index.php\/wp-json\/wp\/v2\/pages\/210\/revisions"}],"predecessor-version":[{"id":232,"href":"http:\/\/www.altindamla.com\/index.php\/wp-json\/wp\/v2\/pages\/210\/revisions\/232"}],"wp:attachment":[{"href":"http:\/\/www.altindamla.com\/index.php\/wp-json\/wp\/v2\/media?parent=210"}],"curies":[{"name":"wp","href":"https:\/\/api.w.org\/{rel}","templated":true}]}}