{"id":193,"date":"2024-07-23T13:07:43","date_gmt":"2024-07-23T13:07:43","guid":{"rendered":"http:\/\/www.altindamla.com\/?page_id=193"},"modified":"2024-07-23T14:20:58","modified_gmt":"2024-07-23T14:20:58","slug":"rulman-sektoru","status":"publish","type":"page","link":"http:\/\/www.altindamla.com\/index.php\/rulman-sektoru\/","title":{"rendered":"RULMAN SEKT\u00d6R\u00dc"},"content":{"rendered":"\n<figure class=\"wp-block-image size-full\"><img loading=\"lazy\" decoding=\"async\" width=\"848\" height=\"158\" src=\"http:\/\/www.altindamla.com\/wp-content\/uploads\/2024\/07\/rulman_kategori.jpg\" alt=\"\" class=\"wp-image-195\" srcset=\"http:\/\/www.altindamla.com\/wp-content\/uploads\/2024\/07\/rulman_kategori.jpg 848w, http:\/\/www.altindamla.com\/wp-content\/uploads\/2024\/07\/rulman_kategori-300x56.jpg 300w, http:\/\/www.altindamla.com\/wp-content\/uploads\/2024\/07\/rulman_kategori-768x143.jpg 768w\" sizes=\"(max-width: 848px) 100vw, 848px\" \/><\/figure>\n\n\n\n<p class=\"has-system-serif-font-family\" style=\"font-size:clamp(1.039rem, 1.039rem + ((1vw - 0.2rem) * 0.935), 1.6rem);font-style:normal;font-weight:500;line-height:1.2\">Rulman sanayinde global bazda \u00fcretim yapan bir \u00e7ok firma nihai kullan\u0131m alan\u0131na g\u00f6re \u00e7ok farkl\u0131 \u00fcr\u00fcnler \u00fcretmektedirler. \u00d6zel ala\u015f\u0131ml\u0131 \u00e7elik malzemeden \u00fcretilen rulmanlar otomotiv, beyaz e\u015fya, savunma sanayi, havac\u0131l\u0131k , konvey\u00f6r hatlar\u0131nda, enerji sekt\u00f6r\u00fcnde, havaland\u0131rma sistemleri v.b. bir\u00e7ok uygulamada sanayinin her noktas\u0131nda kritik proseslerde kullan\u0131lan makinalar\u0131n hepsinde kullan\u0131lmaktad\u0131r.<\/p>\n\n\n\n<p class=\"has-system-serif-font-family\" style=\"font-size:clamp(1.039rem, 1.039rem + ((1vw - 0.2rem) * 0.935), 1.6rem);font-style:normal;font-weight:500;line-height:1.2\">Rulman \u00e7ok \u00f6nemli bir komponent olup, \u00fcretim prosesi i\u00e7in \u00f6zel ya\u011flama ihtiya\u00e7lar\u0131 ve \u00f6zel \u00e7\u00f6z\u00fcmler sunulmas\u0131n\u0131 gerektirir.Prosese \u00f6zel sentetik ve mineral bazl\u0131 olmak \u00fczere metal i\u015fleme s\u0131v\u0131lar\u0131, ta\u015flama s\u0131v\u0131lar\u0131 s\u0131vama \u00e7ekme ya\u011flar\u0131 ,bak\u0131m ya\u011flar\u0131 ,korozyon \u00f6nleyici ya\u011flar olarak BELG\u0130N \u00fcr\u00fcnleri yenilik\u00e7i ve ekonomik form\u00fclleri ile RULMAN sanayinde ba\u015far\u0131yla kullan\u0131lmaktad\u0131r. BELG\u0130N sekt\u00f6rel uzman m\u00fchendisleri ile g\u00fc\u00e7l\u00fc AR-GE altyap\u0131s\u0131, k\u00f6kl\u00fc ge\u00e7mi\u015fi ve sekt\u00f6rel bilgi birikimiyle Rulman sekt\u00f6r\u00fcndeki m\u00fc\u015fterilerine \u00f6zel \u00e7\u00f6z\u00fcmler sunmaktad\u0131r.<\/p>\n","protected":false},"excerpt":{"rendered":"<p>Rulman sanayinde global bazda \u00fcretim yapan bir \u00e7ok firma nihai kullan\u0131m alan\u0131na g\u00f6re \u00e7ok farkl\u0131 \u00fcr\u00fcnler \u00fcretmektedirler. \u00d6zel ala\u015f\u0131ml\u0131 \u00e7elik malzemeden \u00fcretilen rulmanlar otomotiv, beyaz e\u015fya, savunma sanayi, havac\u0131l\u0131k , konvey\u00f6r hatlar\u0131nda, enerji sekt\u00f6r\u00fcnde, havaland\u0131rma sistemleri v.b. bir\u00e7ok uygulamada sanayinin her noktas\u0131nda kritik proseslerde kullan\u0131lan makinalar\u0131n hepsinde kullan\u0131lmaktad\u0131r. Rulman \u00e7ok \u00f6nemli bir komponent olup, \u00fcretim [&hellip;]<\/p>\n","protected":false},"author":1,"featured_media":0,"parent":0,"menu_order":0,"comment_status":"closed","ping_status":"closed","template":"","meta":{"footnotes":""},"class_list":["post-193","page","type-page","status-publish","hentry"],"_links":{"self":[{"href":"http:\/\/www.altindamla.com\/index.php\/wp-json\/wp\/v2\/pages\/193"}],"collection":[{"href":"http:\/\/www.altindamla.com\/index.php\/wp-json\/wp\/v2\/pages"}],"about":[{"href":"http:\/\/www.altindamla.com\/index.php\/wp-json\/wp\/v2\/types\/page"}],"author":[{"embeddable":true,"href":"http:\/\/www.altindamla.com\/index.php\/wp-json\/wp\/v2\/users\/1"}],"replies":[{"embeddable":true,"href":"http:\/\/www.altindamla.com\/index.php\/wp-json\/wp\/v2\/comments?post=193"}],"version-history":[{"count":2,"href":"http:\/\/www.altindamla.com\/index.php\/wp-json\/wp\/v2\/pages\/193\/revisions"}],"predecessor-version":[{"id":228,"href":"http:\/\/www.altindamla.com\/index.php\/wp-json\/wp\/v2\/pages\/193\/revisions\/228"}],"wp:attachment":[{"href":"http:\/\/www.altindamla.com\/index.php\/wp-json\/wp\/v2\/media?parent=193"}],"curies":[{"name":"wp","href":"https:\/\/api.w.org\/{rel}","templated":true}]}}