{"id":178,"date":"2024-07-23T13:02:24","date_gmt":"2024-07-23T13:02:24","guid":{"rendered":"http:\/\/www.altindamla.com\/?page_id=178"},"modified":"2024-07-23T14:08:40","modified_gmt":"2024-07-23T14:08:40","slug":"cam-sektoru","status":"publish","type":"page","link":"http:\/\/www.altindamla.com\/index.php\/cam-sektoru\/","title":{"rendered":"CAM SEKT\u00d6R\u00dc"},"content":{"rendered":"\n<figure class=\"wp-block-image size-full\"><img loading=\"lazy\" decoding=\"async\" width=\"848\" height=\"158\" src=\"http:\/\/www.altindamla.com\/wp-content\/uploads\/2024\/07\/cam_kategori.jpg\" alt=\"\" class=\"wp-image-179\" srcset=\"http:\/\/www.altindamla.com\/wp-content\/uploads\/2024\/07\/cam_kategori.jpg 848w, http:\/\/www.altindamla.com\/wp-content\/uploads\/2024\/07\/cam_kategori-300x56.jpg 300w, http:\/\/www.altindamla.com\/wp-content\/uploads\/2024\/07\/cam_kategori-768x143.jpg 768w\" sizes=\"(max-width: 848px) 100vw, 848px\" \/><\/figure>\n\n\n\n<p class=\"has-system-serif-font-family\" style=\"font-size:clamp(1.039rem, 1.039rem + ((1vw - 0.2rem) * 0.935), 1.6rem);font-style:normal;font-weight:500;line-height:1.2\">Cam sekt\u00f6r\u00fcnde global bazda \u00fcretim yapan firmalar nihai kullan\u0131m alan\u0131na g\u00f6re \u00e7ok farkl\u0131 \u00fcr\u00fcnler \u00fcretmektedirler.<\/p>\n\n\n\n<p class=\"has-system-serif-font-family\" style=\"font-size:clamp(1.039rem, 1.039rem + ((1vw - 0.2rem) * 0.935), 1.6rem);font-style:normal;font-weight:500;line-height:1.2\">D\u00fcz ve i\u015flenmi\u015f camlar, g\u00fcvenlik camlar\u0131, otomatik ve el \u00fcretimi z\u00fcccaciye \u00fcr\u00fcnleri, \u015fi\u015fe ve kavanoz t\u00fcr\u00fc cam ambalaj \u00fcr\u00fcnleri ve burada say\u0131lamayan pek \u00e7ok uygulama i\u00e7in sekt\u00f6r\u00fcn ya\u011flama ihtiya\u00e7lar\u0131na \u00f6zel \u00e7\u00f6z\u00fcmler sunulmas\u0131 gerekir.<\/p>\n\n\n\n<p class=\"has-system-serif-font-family\" style=\"font-size:clamp(1.039rem, 1.039rem + ((1vw - 0.2rem) * 0.935), 1.6rem);font-style:normal;font-weight:500;line-height:1.2\">BELG\u0130N, sekt\u00f6r uzmanlar\u0131, g\u00fc\u00e7l\u00fc AR-GE yap\u0131s\u0131, k\u00f6kl\u00fc ge\u00e7mi\u015fi ve sekt\u00f6rel bilgi birikimiyle cam sekt\u00f6r\u00fcndeki m\u00fc\u015fterilerine \u00f6zel \u00e7\u00f6z\u00fcmler sunmaktad\u0131r.<\/p>\n\n\n\n<p class=\"has-system-serif-font-family\" style=\"font-size:clamp(1.039rem, 1.039rem + ((1vw - 0.2rem) * 0.935), 1.6rem);font-style:normal;font-weight:500;line-height:1.2\">BELG\u0130N, kullan\u0131c\u0131n\u0131n beklentisine cevap veren optimum performans ve cam \u00fcretim verimlili\u011fi i\u00e7in \u00f6nemli katma de\u011fer sa\u011flayan y\u00fcksek teknoloji \u00fcr\u00fcnlerini sunar.<\/p>\n\n\n\n<p class=\"has-system-serif-font-family\" style=\"font-size:clamp(1.039rem, 1.039rem + ((1vw - 0.2rem) * 0.935), 1.6rem);font-style:normal;font-weight:500;line-height:1.2\">BKM, BESTGLASS ve GLASSLFUID serisi \u00fcr\u00fcnler; yenilik\u00e7i ve ekonomik form\u00fclleri ile cam sanayiinde ba\u015far\u0131yla kullan\u0131lmaktad\u0131r.<\/p>\n\n\n\n<p class=\"has-system-serif-font-family\" style=\"font-size:clamp(1.039rem, 1.039rem + ((1vw - 0.2rem) * 0.935), 1.6rem);font-style:normal;font-weight:500;line-height:1.2\">Tortu olu\u015fumu en aza indirilmi\u015f, y\u00fcksek s\u0131cakl\u0131\u011fa diren\u00e7li, buharla\u015fma kayb\u0131 d\u00fc\u015f\u00fck \u00f6zel \u00fcr\u00fcnlerimizin sistemlerinizde kullan\u0131lmas\u0131 sonucu daha az temizlik, daha az duru\u015f ve yeniden ya\u011flama periyotlar\u0131n\u0131n uzat\u0131lmas\u0131 sa\u011flan\u0131r.<\/p>\n","protected":false},"excerpt":{"rendered":"<p>Cam sekt\u00f6r\u00fcnde global bazda \u00fcretim yapan firmalar nihai kullan\u0131m alan\u0131na g\u00f6re \u00e7ok farkl\u0131 \u00fcr\u00fcnler \u00fcretmektedirler. D\u00fcz ve i\u015flenmi\u015f camlar, g\u00fcvenlik camlar\u0131, otomatik ve el \u00fcretimi z\u00fcccaciye \u00fcr\u00fcnleri, \u015fi\u015fe ve kavanoz t\u00fcr\u00fc cam ambalaj \u00fcr\u00fcnleri ve burada say\u0131lamayan pek \u00e7ok uygulama i\u00e7in sekt\u00f6r\u00fcn ya\u011flama ihtiya\u00e7lar\u0131na \u00f6zel \u00e7\u00f6z\u00fcmler sunulmas\u0131 gerekir. BELG\u0130N, sekt\u00f6r uzmanlar\u0131, g\u00fc\u00e7l\u00fc AR-GE yap\u0131s\u0131, k\u00f6kl\u00fc [&hellip;]<\/p>\n","protected":false},"author":1,"featured_media":0,"parent":0,"menu_order":0,"comment_status":"closed","ping_status":"closed","template":"","meta":{"footnotes":""},"class_list":["post-178","page","type-page","status-publish","hentry"],"_links":{"self":[{"href":"http:\/\/www.altindamla.com\/index.php\/wp-json\/wp\/v2\/pages\/178"}],"collection":[{"href":"http:\/\/www.altindamla.com\/index.php\/wp-json\/wp\/v2\/pages"}],"about":[{"href":"http:\/\/www.altindamla.com\/index.php\/wp-json\/wp\/v2\/types\/page"}],"author":[{"embeddable":true,"href":"http:\/\/www.altindamla.com\/index.php\/wp-json\/wp\/v2\/users\/1"}],"replies":[{"embeddable":true,"href":"http:\/\/www.altindamla.com\/index.php\/wp-json\/wp\/v2\/comments?post=178"}],"version-history":[{"count":2,"href":"http:\/\/www.altindamla.com\/index.php\/wp-json\/wp\/v2\/pages\/178\/revisions"}],"predecessor-version":[{"id":224,"href":"http:\/\/www.altindamla.com\/index.php\/wp-json\/wp\/v2\/pages\/178\/revisions\/224"}],"wp:attachment":[{"href":"http:\/\/www.altindamla.com\/index.php\/wp-json\/wp\/v2\/media?parent=178"}],"curies":[{"name":"wp","href":"https:\/\/api.w.org\/{rel}","templated":true}]}}