{"id":162,"date":"2024-07-23T12:52:11","date_gmt":"2024-07-23T12:52:11","guid":{"rendered":"http:\/\/www.altindamla.com\/?page_id=162"},"modified":"2024-07-23T14:07:39","modified_gmt":"2024-07-23T14:07:39","slug":"beyaz-esya-sektoru","status":"publish","type":"page","link":"http:\/\/www.altindamla.com\/index.php\/beyaz-esya-sektoru\/","title":{"rendered":"BEYAZ E\u015eYA SEKT\u00d6R\u00dc"},"content":{"rendered":"\n<figure class=\"wp-block-image size-full\"><img loading=\"lazy\" decoding=\"async\" width=\"848\" height=\"158\" src=\"http:\/\/www.altindamla.com\/wp-content\/uploads\/2024\/07\/beyaz-esya_kategori.jpg\" alt=\"\" class=\"wp-image-164\" srcset=\"http:\/\/www.altindamla.com\/wp-content\/uploads\/2024\/07\/beyaz-esya_kategori.jpg 848w, http:\/\/www.altindamla.com\/wp-content\/uploads\/2024\/07\/beyaz-esya_kategori-300x56.jpg 300w, http:\/\/www.altindamla.com\/wp-content\/uploads\/2024\/07\/beyaz-esya_kategori-768x143.jpg 768w\" sizes=\"(max-width: 848px) 100vw, 848px\" \/><\/figure>\n\n\n\n<p class=\"has-system-serif-font-family\" style=\"font-size:clamp(1.039rem, 1.039rem + ((1vw - 0.2rem) * 0.935), 1.6rem);font-style:normal;font-weight:500;line-height:1.2\">BELG\u0130N, Beyaz E\u015fya Sekt\u00f6r\u00fcnde, \u00f6zellikle derin s\u0131vama \u00e7ekme proseslerinde kullan\u0131lmakta olan madeni ya\u011f uygulamalar\u0131 i\u00e7in her zaman yenili\u011fin ve \u00e7\u00f6z\u00fcm ortakl\u0131\u011f\u0131n\u0131n \u00f6nc\u00fcs\u00fc olmu\u015ftur.<\/p>\n\n\n\n<p class=\"has-system-serif-font-family\" style=\"font-size:clamp(1.039rem, 1.039rem + ((1vw - 0.2rem) * 0.935), 1.6rem);font-style:normal;font-weight:500;line-height:1.2\">Sekt\u00f6rdeki firmalarla ger\u00e7ekle\u015ftirilmi\u015f olan projeler sonucunda ortaya \u00e7\u0131kan yeni teknolojik \u00fcr\u00fcnler sayesinde proses iyile\u015ftirmelerine \u00f6nemli katk\u0131lar sa\u011flanm\u0131\u015ft\u0131r.<\/p>\n\n\n\n<p class=\"has-system-serif-font-family\" style=\"font-size:clamp(1.039rem, 1.039rem + ((1vw - 0.2rem) * 0.935), 1.6rem);font-style:normal;font-weight:500;line-height:1.2\">Bula\u015f\u0131k makinas\u0131, \u00e7ama\u015f\u0131r makinas\u0131, f\u0131r\u0131n ve buzdolab\u0131 gibi beyaz e\u015fya g\u00f6vde par\u00e7alar\u0131n\u0131n, kompres\u00f6r ve elektrik motoru aksamlar\u0131n\u0131n \u00fcretiminde kullan\u0131lmakta olan; al\u00fcminyum, inox, galvaniz, dkp ve dekarburize sa\u00e7 gibi birbirinden \u00e7ok farkl\u0131 sa\u00e7 malzemelerin ya\u011flama ihtiya\u00e7lar\u0131na \u00f6zel \u00fcr\u00fcnler sunulmas\u0131 gerekmektedir.<\/p>\n\n\n\n<p class=\"has-system-serif-font-family\" style=\"font-size:clamp(1.039rem, 1.039rem + ((1vw - 0.2rem) * 0.935), 1.6rem);font-style:normal;font-weight:500;line-height:1.2\">BELG\u0130N, sekt\u00f6r uzmanlar\u0131, g\u00fc\u00e7l\u00fc AR-GE yap\u0131s\u0131, k\u00f6kl\u00fc ge\u00e7mi\u015fi ve sekt\u00f6rel bilgi birikimiyle beyaz e\u015fya sekt\u00f6r\u00fcndeki m\u00fc\u015fterilerine \u00f6zel \u00e7\u00f6z\u00fcmler sunmaktad\u0131r.<\/p>\n","protected":false},"excerpt":{"rendered":"<p>BELG\u0130N, Beyaz E\u015fya Sekt\u00f6r\u00fcnde, \u00f6zellikle derin s\u0131vama \u00e7ekme proseslerinde kullan\u0131lmakta olan madeni ya\u011f uygulamalar\u0131 i\u00e7in her zaman yenili\u011fin ve \u00e7\u00f6z\u00fcm ortakl\u0131\u011f\u0131n\u0131n \u00f6nc\u00fcs\u00fc olmu\u015ftur. Sekt\u00f6rdeki firmalarla ger\u00e7ekle\u015ftirilmi\u015f olan projeler sonucunda ortaya \u00e7\u0131kan yeni teknolojik \u00fcr\u00fcnler sayesinde proses iyile\u015ftirmelerine \u00f6nemli katk\u0131lar sa\u011flanm\u0131\u015ft\u0131r. Bula\u015f\u0131k makinas\u0131, \u00e7ama\u015f\u0131r makinas\u0131, f\u0131r\u0131n ve buzdolab\u0131 gibi beyaz e\u015fya g\u00f6vde par\u00e7alar\u0131n\u0131n, kompres\u00f6r ve elektrik [&hellip;]<\/p>\n","protected":false},"author":1,"featured_media":0,"parent":0,"menu_order":0,"comment_status":"closed","ping_status":"closed","template":"","meta":{"footnotes":""},"class_list":["post-162","page","type-page","status-publish","hentry"],"_links":{"self":[{"href":"http:\/\/www.altindamla.com\/index.php\/wp-json\/wp\/v2\/pages\/162"}],"collection":[{"href":"http:\/\/www.altindamla.com\/index.php\/wp-json\/wp\/v2\/pages"}],"about":[{"href":"http:\/\/www.altindamla.com\/index.php\/wp-json\/wp\/v2\/types\/page"}],"author":[{"embeddable":true,"href":"http:\/\/www.altindamla.com\/index.php\/wp-json\/wp\/v2\/users\/1"}],"replies":[{"embeddable":true,"href":"http:\/\/www.altindamla.com\/index.php\/wp-json\/wp\/v2\/comments?post=162"}],"version-history":[{"count":4,"href":"http:\/\/www.altindamla.com\/index.php\/wp-json\/wp\/v2\/pages\/162\/revisions"}],"predecessor-version":[{"id":222,"href":"http:\/\/www.altindamla.com\/index.php\/wp-json\/wp\/v2\/pages\/162\/revisions\/222"}],"wp:attachment":[{"href":"http:\/\/www.altindamla.com\/index.php\/wp-json\/wp\/v2\/media?parent=162"}],"curies":[{"name":"wp","href":"https:\/\/api.w.org\/{rel}","templated":true}]}}